{"id":806,"date":"2022-07-07T10:52:10","date_gmt":"2022-07-07T08:52:10","guid":{"rendered":"http:\/\/www.marquisdalesme.wine\/index.php\/booking-form\/"},"modified":"2023-03-31T17:57:39","modified_gmt":"2023-03-31T15:57:39","slug":"booking-form","status":"publish","type":"page","link":"https:\/\/www.marquisdalesme.wine\/en\/booking-form\/","title":{"rendered":"Booking form"},"content":{"rendered":"\n<h1 class=\"has-text-align-center has-red-color has-text-color has-large-font-size wp-block-heading\" style=\"text-transform:uppercase\">Your reservation<\/h1>\n\n<div class=\"wp-block-columns is-layout-flex wp-container-core-columns-is-layout-9d6595d7 wp-block-columns-is-layout-flex\">\n<div class=\"wp-block-column is-layout-flow wp-block-column-is-layout-flow\"><\/div>\n\n\n\n<div class=\"wp-block-column has-white-background-color has-background is-layout-flow wp-block-column-is-layout-flow\" style=\"padding-top:30px;padding-right:30px;padding-bottom:30px;padding-left:30px;flex-basis:650px\"><div class=\"frm_forms  with_frm_style frm_style_formidable-style\" id=\"frm_form_5_container\" data-token=\"0c07eec88e8e5363c4844b42861bef06\">\n<form enctype=\"multipart\/form-data\" method=\"post\" class=\"frm-show-form  frm_pro_form \" id=\"form_bookingform\" data-token=\"0c07eec88e8e5363c4844b42861bef06\">\n<div class=\"frm_form_fields \">\n<fieldset>\n<legend class=\"frm_screen_reader\">Booking form<\/legend>\r\n\r\n<div class=\"frm_fields_container\">\n<input type=\"hidden\" name=\"frm_action\" value=\"create\" \/>\n<input type=\"hidden\" name=\"form_id\" value=\"5\" \/>\n<input type=\"hidden\" name=\"frm_hide_fields_5\" id=\"frm_hide_fields_5\" value=\"\" \/>\n<input type=\"hidden\" name=\"form_key\" value=\"bookingform\" \/>\n<input type=\"hidden\" name=\"item_meta[0]\" value=\"\" \/>\n<input type=\"hidden\" id=\"frm_submit_entry_5\" name=\"frm_submit_entry_5\" value=\"d737f96bb8\" \/><input type=\"hidden\" name=\"_wp_http_referer\" value=\"\/en\/wp-json\/wp\/v2\/pages\/806\" \/><div id=\"frm_field_64_container\" class=\"frm_form_field frm_section_heading form-field \">\r\n<h3 class=\"frm_pos_top frm_section_spacing\">Activity<\/h3>\r\n\r\n\r\n<div id=\"frm_field_66_container\" class=\"frm_form_field form-field  frm_required_field frm_top_container\">\r\n    <label for=\"field_zaui6\" id=\"field_zaui6_label\" class=\"frm_primary_label\">Choose your activity\r\n        <span class=\"frm_required\" aria-hidden=\"true\">*<\/span>\r\n    <\/label>\r\n    \t\t<select name=\"item_meta[66]\" id=\"field_zaui6\"  data-sectionid=\"64\"  data-reqmsg=\"This  field cannot be blank.\" aria-required=\"true\" data-invmsg=\"Choose your activity is invalid\" aria-invalid=\"false\"  >\n\t\t<option  value=\"\" selected='selected'> <\/option><option  value=\"La Parenth\u00e8se Enchant\u00e9e - \u20ac70\">The Magical Interlude<\/option><option  value=\"Le Petit Marquis - \u20ac0\">The Petit Marquis<\/option><option  value=\"La Table de Nathalie\">La Table de Nathalie<\/option>\t<\/select>\n\t\r\n    \r\n    \r\n<\/div>\n<\/div>\n<div id=\"frm_field_67_container\" class=\"frm_form_field frm_section_heading form-field \">\r\n<h3 class=\"frm_pos_top frm_section_spacing\">Your visit<\/h3>\r\n\r\n\r\n<div id=\"frm_field_69_container\" class=\"frm_form_field form-field  frm_required_field frm_top_container frm12 frm_first frm_half\">\r\n    <label for=\"field_sqvoz\" id=\"field_sqvoz_label\" class=\"frm_primary_label\">Desired date of visit\r\n        <span class=\"frm_required\" aria-hidden=\"true\">*<\/span>\r\n    <\/label>\r\n    <input type=\"text\" id=\"field_sqvoz\" name=\"item_meta[69]\" value=\"\"  data-sectionid=\"67\"  maxlength=\"10\" data-reqmsg=\"This  field cannot be blank.\" aria-required=\"true\" data-invmsg=\"Date is invalid\" class=\"frm_date\" aria-invalid=\"false\"  \/>\r\n    \r\n    \r\n<\/div>\n<div id=\"frm_field_70_container\" class=\"frm_form_field form-field  frm_required_field frm_top_container frm6 frm_first\">\r\n    <label for=\"field_y4qx9\" id=\"field_y4qx9_label\" class=\"frm_primary_label\">Number of visitors\r\n        <span class=\"frm_required\" aria-hidden=\"true\">*<\/span>\r\n    <\/label>\r\n    \t\t<select name=\"item_meta[70]\" id=\"field_y4qx9\"  data-sectionid=\"67\"  data-reqmsg=\"This  field cannot be blank.\" aria-required=\"true\" data-invmsg=\"Number of visitors is invalid\" aria-invalid=\"false\"  >\n\t\t<option  value=\"\" selected='selected'> <\/option><option  value=\"0\">0<\/option><option  value=\"1\">1<\/option><option  value=\"2\">2<\/option><option  value=\"3\">3<\/option><option  value=\"4\">4<\/option><option  value=\"5\">5<\/option><option  value=\"6\">6<\/option><option  value=\"7\">7<\/option><option  value=\"8\">8<\/option><option  value=\"9\">9<\/option>\t<\/select>\n\t\r\n    \r\n    \r\n<\/div>\n<div id=\"frm_field_72_container\" class=\"frm_form_field form-field  frm_required_field frm_top_container frm6\">\r\n    <label for=\"field_c82i3\" id=\"field_c82i3_label\" class=\"frm_primary_label\">Children under 16 (free visit)\r\n        <span class=\"frm_required\" aria-hidden=\"true\">*<\/span>\r\n    <\/label>\r\n    \t\t<select name=\"item_meta[72]\" id=\"field_c82i3\"  data-sectionid=\"67\"  data-reqmsg=\"This  field cannot be blank.\" aria-required=\"true\" data-invmsg=\"Children under 16 (free visit) is invalid\" aria-invalid=\"false\"  >\n\t\t<option  value=\"\" selected='selected'> <\/option><option  value=\"0\">0<\/option><option  value=\"1\">1<\/option><option  value=\"2\">2<\/option><option  value=\"3\">3<\/option><option  value=\"4\">4<\/option><option  value=\"5\">5<\/option><option  value=\"6\">6<\/option><option  value=\"7\">7<\/option><option  value=\"8\">8<\/option><option  value=\"9\">9<\/option>\t<\/select>\n\t\r\n    \r\n    \r\n<\/div>\n<div id=\"frm_field_74_container\" class=\"frm_form_field  frm12 frm_first frm_html_container form-field\">\n<p>During your visit, we offer fun activities for your children based on the discovery of senses.<br \/>Do you wish your children to take part in the Petit Marquis experience? <a href=\"http:\/\/fredcavender.com\/dev\/marquisdalesme\/en\/reservations\/the-petit-marquis\/\">Find out more<\/a><\/p>\n<\/div>\n<div id=\"frm_field_73_container\" class=\"frm_form_field form-field  frm_top_container frm_half\">\r\n    <label for=\"field_6987t\" id=\"field_6987t_label\" class=\"frm_primary_label\">Number of Petit Marquis visitors (free)\r\n        <span class=\"frm_required\" aria-hidden=\"true\"><\/span>\r\n    <\/label>\r\n    \t\t<select name=\"item_meta[73]\" id=\"field_6987t\"  data-sectionid=\"67\"  data-invmsg=\"Number of Petit Marquis visitors (free) is invalid\" aria-invalid=\"false\"  >\n\t\t<option  value=\"\" selected='selected'> <\/option><option  value=\"0\">0<\/option><option  value=\"1\">1<\/option><option  value=\"2\">2<\/option><option  value=\"3\">3<\/option><option  value=\"4\">4<\/option><option  value=\"5\">5<\/option><option  value=\"6\">6<\/option><option  value=\"7\">7<\/option><option  value=\"8\">8<\/option><option  value=\"9\">9<\/option>\t<\/select>\n\t\r\n    \r\n    \r\n<\/div>\n<\/div>\n<div id=\"frm_field_75_container\" class=\"frm_form_field frm_section_heading form-field \">\r\n<h3 class=\"frm_pos_top frm_section_spacing\">Contact info<\/h3>\r\n\r\n\r\n<div id=\"frm_field_77_container\" class=\"frm_form_field form-field  frm_required_field frm_top_container frm12  frm6 frm_first\">\r\n    <label for=\"field_exdv6\" id=\"field_exdv6_label\" class=\"frm_primary_label\">Title\r\n        <span class=\"frm_required\" aria-hidden=\"true\">*<\/span>\r\n    <\/label>\r\n    \t\t<select name=\"item_meta[77]\" id=\"field_exdv6\"  data-sectionid=\"75\"  data-reqmsg=\"Title cannot be blank.\" aria-required=\"true\" data-invmsg=\"Title is invalid\" aria-invalid=\"false\"  >\n\t\t<option  value=\"\" selected='selected'> <\/option><option  value=\"Mr\">Mr<\/option><option  value=\"Mrs\">Mrs<\/option>\t<\/select>\n\t\r\n    \r\n    \r\n<\/div>\n<div id=\"frm_field_79_container\" class=\"frm_form_field form-field  frm_required_field frm_top_container frm6\">\r\n    <label for=\"field_sf8lt\" id=\"field_sf8lt_label\" class=\"frm_primary_label\">Last name\r\n        <span class=\"frm_required\" aria-hidden=\"true\">*<\/span>\r\n    <\/label>\r\n    <input  type=\"text\" id=\"field_sf8lt\" name=\"item_meta[79]\" value=\"\"  data-sectionid=\"75\"  data-reqmsg=\"Last name cannot be blank.\" aria-required=\"true\" data-invmsg=\"Text is invalid\" aria-invalid=\"false\"   \/>\r\n    \r\n    \r\n<\/div>\n<div id=\"frm_field_80_container\" class=\"frm_form_field form-field  frm_required_field frm_top_container frm6 frm_first\">\r\n    <label for=\"field_lvq7s\" id=\"field_lvq7s_label\" class=\"frm_primary_label\">First name\r\n        <span class=\"frm_required\" aria-hidden=\"true\">*<\/span>\r\n    <\/label>\r\n    <input  type=\"text\" id=\"field_lvq7s\" name=\"item_meta[80]\" value=\"\"  data-sectionid=\"75\"  data-reqmsg=\"First name cannot be blank.\" aria-required=\"true\" data-invmsg=\"Text is invalid\" aria-invalid=\"false\"   \/>\r\n    \r\n    \r\n<\/div>\n<div id=\"frm_field_81_container\" class=\"frm_form_field form-field  frm_required_field frm_top_container frm6\">\r\n    <label for=\"field_gz2b\" id=\"field_gz2b_label\" class=\"frm_primary_label\">Pays\r\n        <span class=\"frm_required\" aria-hidden=\"true\">*<\/span>\r\n    <\/label>\r\n    <input  type=\"text\" id=\"field_gz2b\" name=\"item_meta[81]\" value=\"\"  data-sectionid=\"75\"  data-reqmsg=\"Pays cannot be blank.\" aria-required=\"true\" data-invmsg=\"Text is invalid\" aria-invalid=\"false\"   \/>\r\n    \r\n    \r\n<\/div>\n<div id=\"frm_field_82_container\" class=\"frm_form_field form-field  frm_required_field frm_top_container frm6 frm_first\">\r\n    <label for=\"field_csgz2\" id=\"field_csgz2_label\" class=\"frm_primary_label\">Telephone\r\n        <span class=\"frm_required\" aria-hidden=\"true\">*<\/span>\r\n    <\/label>\r\n    <input  type=\"text\" id=\"field_csgz2\" name=\"item_meta[82]\" value=\"\"  data-sectionid=\"75\"  maxlength=\"30\" data-reqmsg=\"Telephone cannot be blank.\" aria-required=\"true\" data-invmsg=\"Phone is invalid\" aria-invalid=\"false\"   \/>\r\n    \r\n    \r\n<\/div>\n<div id=\"frm_field_83_container\" class=\"frm_form_field form-field  frm_required_field frm_top_container frm6\">\r\n    <label for=\"field_wfhdq\" id=\"field_wfhdq_label\" class=\"frm_primary_label\">Email\r\n        <span class=\"frm_required\" aria-hidden=\"true\">*<\/span>\r\n    <\/label>\r\n    <input type=\"email\" id=\"field_wfhdq\" name=\"item_meta[83]\" value=\"\"  data-sectionid=\"75\"  data-reqmsg=\"Email cannot be blank.\" aria-required=\"true\" data-invmsg=\"Email is invalid\" aria-invalid=\"false\"  \/>\r\n    \r\n    \r\n<\/div>\n<\/div>\n<div id=\"frm_field_85_container\" class=\"frm_form_field frm_section_heading form-field \">\r\n<h3 class=\"frm_pos_top frm_section_spacing\">Your reservation<\/h3>\r\n\r\n\r\n<div id=\"frm_field_87_container\" class=\"frm_form_field form-field  frm_left_container\">\r\n    <label for=\"field_dk8ra\" id=\"field_dk8ra_label\" class=\"frm_primary_label\">Total price\r\n        <span class=\"frm_required\" aria-hidden=\"true\"><\/span>\r\n    <\/label>\r\n    <div class=\"frm_input_group frm_with_box frm_with_pre\"><span class=\"frm_inline_box\">\u20ac<\/span><input  type=\"text\" id=\"field_dk8ra\" name=\"item_meta[87]\" value=\"\"  readonly=\"readonly\"  data-sectionid=\"85\"  data-invmsg=\"Text is invalid\" aria-invalid=\"false\"   \/><\/div>\r\n    \r\n    \r\n<\/div>\n<div id=\"frm_field_88_container\" class=\"frm_form_field form-field  frm_required_field frm_top_container frm12 frm_first\">\r\n    <label for=\"field_1onlh\" id=\"field_1onlh_label\" class=\"frm_primary_label\">Please choose how you would like to be contacted\r\n        <span class=\"frm_required\" aria-hidden=\"true\">*<\/span>\r\n    <\/label>\r\n    \t\t<select name=\"item_meta[88]\" id=\"field_1onlh\"  data-sectionid=\"85\"  data-reqmsg=\"Please choose how you would like to be contacted cannot be blank.\" aria-required=\"true\" data-invmsg=\"Please choose how you would like to be contacted is invalid\" aria-invalid=\"false\"  >\n\t\t<option  value=\"\" selected='selected'> <\/option><option  value=\"par t\u00e9l\u00e9phone\">by phone<\/option><option  value=\"par email\">by email<\/option>\t<\/select>\n\t\r\n    <div class=\"frm_description\" id=\"frm_desc_field_1onlh\">We will contact you within 48 hours of receiving your request to prepare for your visit.<\/div>\r\n    \r\n<\/div>\n<div id=\"frm_field_89_container\" class=\"frm_form_field form-field  frm_top_container\">\r\n    <label for=\"field_swz67\" id=\"field_swz67_label\" class=\"frm_primary_label\">Comments\r\n        <span class=\"frm_required\" aria-hidden=\"true\"><\/span>\r\n    <\/label>\r\n    <textarea name=\"item_meta[89]\" id=\"field_swz67\" rows=\"3\"  data-sectionid=\"85\"  data-invmsg=\"Comments is invalid\" aria-invalid=\"false\"  ><\/textarea>\r\n    \r\n    \r\n<\/div>\n<div id=\"frm_field_97_container\" class=\"frm_form_field form-field  frm_required_field frm_none_container vertical_radio\">\n    <div  id=\"field_k9peq_label\" class=\"frm_primary_label\">RGPD\n        <span class=\"frm_required\" aria-hidden=\"true\">*<\/span>\n    <\/div>\n    <div class=\"frm_opt_container\" aria-labelledby=\"field_k9peq_label\" role=\"group\">\t\t<div class=\"frm_checkbox\" id=\"frm_checkbox_97-85-0\">\t\t\t<label  for=\"field_k9peq-0\">\n\t\t\t<input type=\"checkbox\" name=\"item_meta[97][]\" id=\"field_k9peq-0\" value=\"J&#039;accepte que mes donn\u00e9es saisies soient collect\u00e9es dans le but de communiquer avec vous et g\u00e9rer ma r\u00e9servation\"  data-sectionid=\"85\"  data-reqmsg=\"Ce champ ne peut pas \u00eatre vide\" data-invmsg=\"RGPD is invalid\"   aria-required=\"true\"  \/> J'accepte que mes donn\u00e9es saisies soient collect\u00e9es dans le but de communiquer avec vous et g\u00e9rer ma r\u00e9servation<\/label><\/div>\n<\/div>\n    \n    \n<\/div>\n<div id=\"frm_field_90_container\" class=\"frm_form_field  frm_html_container form-field\">\n<p>Feel free to contact us by telephone for more information : 0033 557 88 71 32<\/p>\n<\/div>\n<\/div>\n<div id=\"frm_field_99_container\" class=\"frm_form_field form-field \">\n\t<div class=\"frm_submit\">\r\n\r\n<button class=\"frm_button_submit frm_final_submit\" type=\"submit\"   formnovalidate=\"formnovalidate\">VALIDER<\/button>\r\n\r\n\r\n<\/div>\n<\/div>\n\t<input type=\"hidden\" name=\"item_key\" value=\"\" \/>\n\t\t\t<div id=\"frm_field_100_container\">\n\t\t\t<label for=\"field_uthw9\" >\n\t\t\t\tIf you are human, leave this field blank.\t\t\t<\/label>\n\t\t\t<input  id=\"field_uthw9\" type=\"text\" class=\"frm_form_field form-field frm_verify\" name=\"item_meta[100]\" value=\"\"  \/>\n\t\t<\/div>\n\t\t<input name=\"frm_state\" type=\"hidden\" value=\"\/DLC3uUOCy0\/wZpGzvOs2ebYAg\/DGFIMFGFOmK+uQAELbFsrFDVBtYSf5oB1qw4gK774pna7dxb4YOstUGf+QA==\" \/><\/div>\n<\/fieldset>\n<\/div>\n\n<\/form>\n<\/div>\n\n<\/div>\n\n\n\n<div class=\"wp-block-column is-layout-flow wp-block-column-is-layout-flow\"><\/div>\n<\/div>\n","protected":false},"excerpt":{"rendered":"<p>Your reservation<\/p>\n","protected":false},"author":1,"featured_media":0,"parent":0,"menu_order":0,"comment_status":"closed","ping_status":"closed","template":"page-framed.php","meta":{"_acf_changed":false,"footnotes":""},"class_list":["post-806","page","type-page","status-publish","hentry"],"acf":[],"_links":{"self":[{"href":"https:\/\/www.marquisdalesme.wine\/en\/wp-json\/wp\/v2\/pages\/806","targetHints":{"allow":["GET"]}}],"collection":[{"href":"https:\/\/www.marquisdalesme.wine\/en\/wp-json\/wp\/v2\/pages"}],"about":[{"href":"https:\/\/www.marquisdalesme.wine\/en\/wp-json\/wp\/v2\/types\/page"}],"author":[{"embeddable":true,"href":"https:\/\/www.marquisdalesme.wine\/en\/wp-json\/wp\/v2\/users\/1"}],"replies":[{"embeddable":true,"href":"https:\/\/www.marquisdalesme.wine\/en\/wp-json\/wp\/v2\/comments?post=806"}],"version-history":[{"count":3,"href":"https:\/\/www.marquisdalesme.wine\/en\/wp-json\/wp\/v2\/pages\/806\/revisions"}],"predecessor-version":[{"id":1275,"href":"https:\/\/www.marquisdalesme.wine\/en\/wp-json\/wp\/v2\/pages\/806\/revisions\/1275"}],"wp:attachment":[{"href":"https:\/\/www.marquisdalesme.wine\/en\/wp-json\/wp\/v2\/media?parent=806"}],"curies":[{"name":"wp","href":"https:\/\/api.w.org\/{rel}","templated":true}]}}