{"id":1248,"date":"2022-07-07T10:52:10","date_gmt":"2022-07-07T08:52:10","guid":{"rendered":"https:\/\/www.marquisdalesme.wine\/booking-form\/"},"modified":"2023-03-03T16:20:06","modified_gmt":"2023-03-03T15:20:06","slug":"booking-form","status":"publish","type":"page","link":"https:\/\/www.marquisdalesme.wine\/zh-hans\/booking-form\/","title":{"rendered":"Booking form"},"content":{"rendered":"\n<h1 class=\"has-text-align-center has-red-color has-text-color has-large-font-size wp-block-heading\" style=\"text-transform:uppercase\">Your reservation<\/h1>\n\n<div class=\"wp-block-columns is-layout-flex wp-container-core-columns-is-layout-9d6595d7 wp-block-columns-is-layout-flex\">\n<div class=\"wp-block-column is-layout-flow wp-block-column-is-layout-flow\"><\/div>\n\n\n\n<div class=\"wp-block-column has-white-background-color has-background is-layout-flow wp-block-column-is-layout-flow\" style=\"padding-top:30px;padding-right:30px;padding-bottom:30px;padding-left:30px;flex-basis:650px\"><div class=\"frm_forms  with_frm_style frm_style_formidable-style\" id=\"frm_form_5_container\" data-token=\"0c07eec88e8e5363c4844b42861bef06\">\n<form enctype=\"multipart\/form-data\" method=\"post\" class=\"frm-show-form  frm_pro_form \" id=\"form_bookingform\" data-token=\"0c07eec88e8e5363c4844b42861bef06\">\n<div class=\"frm_form_fields \">\n<fieldset>\n<legend class=\"frm_screen_reader\">Booking form<\/legend>\r\n\r\n<div class=\"frm_fields_container\">\n<input type=\"hidden\" name=\"frm_action\" value=\"create\" \/>\n<input type=\"hidden\" name=\"form_id\" value=\"5\" \/>\n<input type=\"hidden\" name=\"frm_hide_fields_5\" id=\"frm_hide_fields_5\" value=\"\" \/>\n<input type=\"hidden\" name=\"form_key\" value=\"bookingform\" \/>\n<input type=\"hidden\" name=\"item_meta[0]\" value=\"\" \/>\n<input type=\"hidden\" id=\"frm_submit_entry_5\" name=\"frm_submit_entry_5\" value=\"d737f96bb8\" \/><input type=\"hidden\" name=\"_wp_http_referer\" value=\"\/zh-hans\/wp-json\/wp\/v2\/pages\/1248\" \/><div id=\"frm_field_64_container\" class=\"frm_form_field frm_section_heading form-field \">\r\n<h3 class=\"frm_pos_top frm_section_spacing\">\u9884\u5b9a<\/h3>\r\n\r\n\r\n<div id=\"frm_field_66_container\" class=\"frm_form_field form-field  frm_required_field frm_top_container\">\r\n    <label for=\"field_zaui6\" id=\"field_zaui6_label\" class=\"frm_primary_label\">\u60a8\u7684\u53c2\u89c2\u65e5\u671f\r\n        <span class=\"frm_required\" aria-hidden=\"true\">*<\/span>\r\n    <\/label>\r\n    \t\t<select name=\"item_meta[66]\" id=\"field_zaui6\"  data-sectionid=\"64\"  data-reqmsg=\"This  field cannot be blank.\" aria-required=\"true\" data-invmsg=\"\u60a8\u7684\u53c2\u89c2\u65e5\u671f \u65e0\u6548\" aria-invalid=\"false\"  >\n\t\t<option  value=\"\" selected='selected'> <\/option><option  value=\"La Parenth\u00e8se Enchant\u00e9e - \u20ac70\">\u9189\u4eba\u4e4b\u65c5<\/option><option  value=\"Le Petit Marquis - \u20ac0\">\u5c0f\u4faf\u7235\u4e4b\u65c5<\/option><option  value=\"La Table de Nathalie\">La Table de Nathalie<\/option>\t<\/select>\n\t\r\n    \r\n    \r\n<\/div>\n<\/div>\n<div id=\"frm_field_67_container\" class=\"frm_form_field frm_section_heading form-field \">\r\n<h3 class=\"frm_pos_top frm_section_spacing\">\u60a8\u7684\u8bbf\u95ee<\/h3>\r\n\r\n\r\n<div id=\"frm_field_69_container\" class=\"frm_form_field form-field  frm_required_field frm_top_container frm12 frm_first frm_half\">\r\n    <label for=\"field_sqvoz\" id=\"field_sqvoz_label\" class=\"frm_primary_label\">\u60a8\u7684\u53c2\u89c2\u65e5\u671f\r\n        <span class=\"frm_required\" aria-hidden=\"true\">*<\/span>\r\n    <\/label>\r\n    <input type=\"text\" id=\"field_sqvoz\" name=\"item_meta[69]\" value=\"\"  data-sectionid=\"67\"  maxlength=\"10\" data-reqmsg=\"This  field cannot be blank.\" aria-required=\"true\" data-invmsg=\"Date is invalid\" class=\"frm_date\" aria-invalid=\"false\"  \/>\r\n    \r\n    \r\n<\/div>\n<div id=\"frm_field_70_container\" class=\"frm_form_field form-field  frm_required_field frm_top_container frm6 frm_first\">\r\n    <label for=\"field_y4qx9\" id=\"field_y4qx9_label\" class=\"frm_primary_label\">\u6e38\u5ba2\u4eba\u6570\r\n        <span class=\"frm_required\" aria-hidden=\"true\">*<\/span>\r\n    <\/label>\r\n    \t\t<select name=\"item_meta[70]\" id=\"field_y4qx9\"  data-sectionid=\"67\"  data-reqmsg=\"This  field cannot be blank.\" aria-required=\"true\" data-invmsg=\"\u6e38\u5ba2\u4eba\u6570 \u65e0\u6548\" aria-invalid=\"false\"  >\n\t\t<option  value=\"\" selected='selected'> <\/option><option  value=\"0\">0<\/option><option  value=\"1\">1<\/option><option  value=\"2\">2<\/option><option  value=\"3\">3<\/option><option  value=\"4\">4<\/option><option  value=\"5\">5<\/option><option  value=\"6\">6<\/option><option  value=\"7\">7<\/option><option  value=\"8\">8<\/option><option  value=\"9\">9<\/option>\t<\/select>\n\t\r\n    \r\n    \r\n<\/div>\n<div id=\"frm_field_72_container\" class=\"frm_form_field form-field  frm_required_field frm_top_container frm6\">\r\n    <label for=\"field_c82i3\" id=\"field_c82i3_label\" class=\"frm_primary_label\">12 \u5c81\u4ee5\u4e0b\u7684\u513f\u7ae5\uff08\u514d\u8d39\uff09\r\n        <span class=\"frm_required\" aria-hidden=\"true\">*<\/span>\r\n    <\/label>\r\n    \t\t<select name=\"item_meta[72]\" id=\"field_c82i3\"  data-sectionid=\"67\"  data-reqmsg=\"This  field cannot be blank.\" aria-required=\"true\" data-invmsg=\"12 \u5c81\u4ee5\u4e0b\u7684\u513f\u7ae5\uff08\u514d\u8d39\uff09 \u65e0\u6548\" aria-invalid=\"false\"  >\n\t\t<option  value=\"\" selected='selected'> <\/option><option  value=\"0\">0<\/option><option  value=\"1\">1<\/option><option  value=\"2\">2<\/option><option  value=\"3\">3<\/option><option  value=\"4\">4<\/option><option  value=\"5\">5<\/option><option  value=\"6\">6<\/option><option  value=\"7\">7<\/option><option  value=\"8\">8<\/option><option  value=\"9\">9<\/option>\t<\/select>\n\t\r\n    \r\n    \r\n<\/div>\n<div id=\"frm_field_74_container\" class=\"frm_form_field  frm12 frm_first frm_html_container form-field\">\n<p>\u60a8\u5728\u53c2\u89c2\u671f\u95f4\uff0c\u6211\u4eec\u53ef\u4e3a\u5b69\u5b50\u4eec\u63d0\u4f9b\u6709\u8da3\u7684\u6d3b\u52a8\u3002<br \/>\u60a8\u5e0c\u671b\u4e3a\u60a8\u7684\u5b69\u5b50\u9884\u8ba2\u5c0f\u4faf\u7235\u4e4b\u65c5\u5417\uff1f <a href=\"http:\/\/fredcavender.com\/dev\/marquisdalesme\/zh-hans\/%e9%a2%84%e8%ae%a2\/%e5%b0%8f%e4%be%af%e7%88%b5%e4%b9%8b%e6%97%85\/\">\u4e86\u89e3\u66f4\u591a<\/a><\/p>\n<\/div>\n<div id=\"frm_field_73_container\" class=\"frm_form_field form-field  frm_top_container frm_half\">\r\n    <label for=\"field_6987t\" id=\"field_6987t_label\" class=\"frm_primary_label\">\u5c0f\u4faf\u7235\u4e4b\u65c5\u7684\u6e38\u5ba2\u4eba\u6570\uff08\u514d\u8d39\uff09\r\n        <span class=\"frm_required\" aria-hidden=\"true\"><\/span>\r\n    <\/label>\r\n    \t\t<select name=\"item_meta[73]\" id=\"field_6987t\"  data-sectionid=\"67\"  data-invmsg=\"\u5c0f\u4faf\u7235\u4e4b\u65c5\u7684\u6e38\u5ba2\u4eba\u6570\uff08\u514d\u8d39\uff09 \u65e0\u6548\" aria-invalid=\"false\"  >\n\t\t<option  value=\"\" selected='selected'> <\/option><option  value=\"0\">0<\/option><option  value=\"1\">1<\/option><option  value=\"2\">2<\/option><option  value=\"3\">3<\/option><option  value=\"4\">4<\/option><option  value=\"5\">5<\/option><option  value=\"6\">6<\/option><option  value=\"7\">7<\/option><option  value=\"8\">8<\/option><option  value=\"9\">9<\/option>\t<\/select>\n\t\r\n    \r\n    \r\n<\/div>\n<\/div>\n<div id=\"frm_field_75_container\" class=\"frm_form_field frm_section_heading form-field \">\r\n<h3 class=\"frm_pos_top frm_section_spacing\">\u60a8\u7684\u8be6\u7ec6\u8d44\u6599<\/h3>\r\n\r\n\r\n<div id=\"frm_field_77_container\" class=\"frm_form_field form-field  frm_required_field frm_top_container frm12  frm6 frm_first\">\r\n    <label for=\"field_exdv6\" id=\"field_exdv6_label\" class=\"frm_primary_label\">\u79f0\u547c\r\n        <span class=\"frm_required\" aria-hidden=\"true\">*<\/span>\r\n    <\/label>\r\n    \t\t<select name=\"item_meta[77]\" id=\"field_exdv6\"  data-sectionid=\"75\"  data-reqmsg=\"\u79f0\u547c cannot be blank.\" aria-required=\"true\" data-invmsg=\"\u79f0\u547c \u65e0\u6548\" aria-invalid=\"false\"  >\n\t\t<option  value=\"\" selected='selected'> <\/option><option  value=\"Mr\">\u5148\u751f<\/option><option  value=\"Mrs\">\u5973\u58eb<\/option>\t<\/select>\n\t\r\n    \r\n    \r\n<\/div>\n<div id=\"frm_field_79_container\" class=\"frm_form_field form-field  frm_required_field frm_top_container frm6\">\r\n    <label for=\"field_sf8lt\" id=\"field_sf8lt_label\" class=\"frm_primary_label\">\u59d3\r\n        <span class=\"frm_required\" aria-hidden=\"true\">*<\/span>\r\n    <\/label>\r\n    <input  type=\"text\" id=\"field_sf8lt\" name=\"item_meta[79]\" value=\"\"  data-sectionid=\"75\"  data-reqmsg=\"\u59d3 cannot be blank.\" aria-required=\"true\" data-invmsg=\"Text is invalid\" aria-invalid=\"false\"   \/>\r\n    \r\n    \r\n<\/div>\n<div id=\"frm_field_80_container\" class=\"frm_form_field form-field  frm_required_field frm_top_container frm6 frm_first\">\r\n    <label for=\"field_lvq7s\" id=\"field_lvq7s_label\" class=\"frm_primary_label\">\u540d\r\n        <span class=\"frm_required\" aria-hidden=\"true\">*<\/span>\r\n    <\/label>\r\n    <input  type=\"text\" id=\"field_lvq7s\" name=\"item_meta[80]\" value=\"\"  data-sectionid=\"75\"  data-reqmsg=\"\u540d cannot be blank.\" aria-required=\"true\" data-invmsg=\"Text is invalid\" aria-invalid=\"false\"   \/>\r\n    \r\n    \r\n<\/div>\n<div id=\"frm_field_81_container\" class=\"frm_form_field form-field  frm_required_field frm_top_container frm6\">\r\n    <label for=\"field_gz2b\" id=\"field_gz2b_label\" class=\"frm_primary_label\">\u56fd\u5bb6\r\n        <span class=\"frm_required\" aria-hidden=\"true\">*<\/span>\r\n    <\/label>\r\n    <input  type=\"text\" id=\"field_gz2b\" name=\"item_meta[81]\" value=\"\"  data-sectionid=\"75\"  data-reqmsg=\"\u56fd\u5bb6 cannot be blank.\" aria-required=\"true\" data-invmsg=\"Text is invalid\" aria-invalid=\"false\"   \/>\r\n    \r\n    \r\n<\/div>\n<div id=\"frm_field_82_container\" class=\"frm_form_field form-field  frm_required_field frm_top_container frm6 frm_first\">\r\n    <label for=\"field_csgz2\" id=\"field_csgz2_label\" class=\"frm_primary_label\">\u7535\u8bdd\r\n        <span class=\"frm_required\" aria-hidden=\"true\">*<\/span>\r\n    <\/label>\r\n    <input  type=\"text\" id=\"field_csgz2\" name=\"item_meta[82]\" value=\"\"  data-sectionid=\"75\"  maxlength=\"30\" data-reqmsg=\"\u7535\u8bdd cannot be blank.\" aria-required=\"true\" data-invmsg=\"Phone is invalid\" aria-invalid=\"false\"   \/>\r\n    \r\n    \r\n<\/div>\n<div id=\"frm_field_83_container\" class=\"frm_form_field form-field  frm_required_field frm_top_container frm6\">\r\n    <label for=\"field_wfhdq\" id=\"field_wfhdq_label\" class=\"frm_primary_label\">\u7535\u5b50\u90ae\u4ef6\r\n        <span class=\"frm_required\" aria-hidden=\"true\">*<\/span>\r\n    <\/label>\r\n    <input type=\"email\" id=\"field_wfhdq\" name=\"item_meta[83]\" value=\"\"  data-sectionid=\"75\"  data-reqmsg=\"\u7535\u5b50\u90ae\u4ef6 cannot be blank.\" aria-required=\"true\" data-invmsg=\"Email is invalid\" aria-invalid=\"false\"  \/>\r\n    \r\n    \r\n<\/div>\n<\/div>\n<div id=\"frm_field_85_container\" class=\"frm_form_field frm_section_heading form-field \">\r\n<h3 class=\"frm_pos_top frm_section_spacing\">This field cannot be blank.<\/h3>\r\n\r\n\r\n<div id=\"frm_field_87_container\" class=\"frm_form_field form-field  frm_left_container\">\r\n    <label for=\"field_dk8ra\" id=\"field_dk8ra_label\" class=\"frm_primary_label\">\u603b\u4ef7\r\n        <span class=\"frm_required\" aria-hidden=\"true\"><\/span>\r\n    <\/label>\r\n    <div class=\"frm_input_group frm_with_box frm_with_pre\"><span class=\"frm_inline_box\">\u20ac<\/span><input  type=\"text\" id=\"field_dk8ra\" name=\"item_meta[87]\" value=\"\"  readonly=\"readonly\"  data-sectionid=\"85\"  data-invmsg=\"Text is invalid\" aria-invalid=\"false\"   \/><\/div>\r\n    \r\n    \r\n<\/div>\n<div id=\"frm_field_88_container\" class=\"frm_form_field form-field  frm_required_field frm_top_container frm12 frm_first\">\r\n    <label for=\"field_1onlh\" id=\"field_1onlh_label\" class=\"frm_primary_label\">\u8bf7\u9009\u62e9\u60a8\u8ba4\u4e3a\u5408\u9002\u7684\u8054\u7cfb\u65b9\u5f0f\r\n        <span class=\"frm_required\" aria-hidden=\"true\">*<\/span>\r\n    <\/label>\r\n    \t\t<select name=\"item_meta[88]\" id=\"field_1onlh\"  data-sectionid=\"85\"  data-reqmsg=\"\u8bf7\u9009\u62e9\u60a8\u8ba4\u4e3a\u5408\u9002\u7684\u8054\u7cfb\u65b9\u5f0f cannot be blank.\" aria-required=\"true\" data-invmsg=\"\u8bf7\u9009\u62e9\u60a8\u8ba4\u4e3a\u5408\u9002\u7684\u8054\u7cfb\u65b9\u5f0f \u65e0\u6548\" aria-invalid=\"false\"  >\n\t\t<option  value=\"\" selected='selected'> <\/option><option  value=\"par t\u00e9l\u00e9phone\">\u7535\u8bdd<\/option><option  value=\"par email\">\u7535\u5b50\u90ae\u4ef6<\/option>\t<\/select>\n\t\r\n    <div class=\"frm_description\" id=\"frm_desc_field_1onlh\">\u60a8\u63d0\u4ea4\u7533\u8bf7\u540e\uff0c\u6211\u4eec\u4f1a\u5728 48 \u5c0f\u65f6\u5185\u8054\u7cfb\u60a8\uff0c\u4ee5\u4fbf\u4e3a\u60a8\u7684\u53c2\u89c2\u505a\u597d\u51c6\u5907\u3002<\/div>\r\n    \r\n<\/div>\n<div id=\"frm_field_89_container\" class=\"frm_form_field form-field  frm_top_container\">\r\n    <label for=\"field_swz67\" id=\"field_swz67_label\" class=\"frm_primary_label\">\u5176\u4ed6\u8981\u6c42\r\n        <span class=\"frm_required\" aria-hidden=\"true\"><\/span>\r\n    <\/label>\r\n    <textarea name=\"item_meta[89]\" id=\"field_swz67\" rows=\"3\"  data-sectionid=\"85\"  data-invmsg=\"\u5176\u4ed6\u8981\u6c42 \u65e0\u6548\" aria-invalid=\"false\"  ><\/textarea>\r\n    \r\n    \r\n<\/div>\n<div id=\"frm_field_97_container\" class=\"frm_form_field form-field  frm_required_field frm_none_container vertical_radio\">\n    <div  id=\"field_k9peq_label\" class=\"frm_primary_label\">RGPD\n        <span class=\"frm_required\" aria-hidden=\"true\">*<\/span>\n    <\/div>\n    <div class=\"frm_opt_container\" aria-labelledby=\"field_k9peq_label\" role=\"group\">\t\t<div class=\"frm_checkbox\" id=\"frm_checkbox_97-85-0\">\t\t\t<label  for=\"field_k9peq-0\">\n\t\t\t<input type=\"checkbox\" name=\"item_meta[97][]\" id=\"field_k9peq-0\" value=\"J&#039;accepte que mes donn\u00e9es saisies soient collect\u00e9es dans le but de communiquer avec vous et g\u00e9rer ma r\u00e9servation\"  data-sectionid=\"85\"  data-reqmsg=\"Ce champ ne peut pas \u00eatre vide\" data-invmsg=\"RGPD \u65e0\u6548\"   aria-required=\"true\"  \/> J'accepte que mes donn\u00e9es saisies soient collect\u00e9es dans le but de communiquer avec vous et g\u00e9rer ma r\u00e9servation<\/label><\/div>\n<\/div>\n    \n    \n<\/div>\n<div id=\"frm_field_90_container\" class=\"frm_form_field  frm_html_container form-field\">\u5982\u9700\u4e86\u89e3\u66f4\u591a\u4fe1\u606f\uff0c\u8bf7\u62e8\u6253\u7535\u8bdd\u4e0e\u6211\u4eec\u8054\u7cfb\uff1a0033 557 88 71 32<\/div>\n<\/div>\n<div id=\"frm_field_99_container\" class=\"frm_form_field form-field \">\n\t<div class=\"frm_submit\">\r\n\r\n<button class=\"frm_button_submit frm_final_submit\" type=\"submit\"   formnovalidate=\"formnovalidate\">VALIDER<\/button>\r\n\r\n\r\n<\/div>\n<\/div>\n\t<input type=\"hidden\" name=\"item_key\" value=\"\" \/>\n\t\t\t<div id=\"frm_field_100_container\">\n\t\t\t<label for=\"field_mr2wm\" >\n\t\t\t\t\u5982\u679c\u4f60\u662f\u4eba\u7c7b\uff0c\u8be5\u5b57\u6bb5\u8bf7\u7559\u7a7a\u3002\t\t\t<\/label>\n\t\t\t<input  id=\"field_mr2wm\" type=\"text\" class=\"frm_form_field form-field frm_verify\" name=\"item_meta[100]\" value=\"\"  \/>\n\t\t<\/div>\n\t\t<input name=\"frm_state\" type=\"hidden\" value=\"\/DLC3uUOCy0\/wZpGzvOs2UC2QohQusNctsjKHFMWxjiKccG6tYgAnKRP97kUHH38YzaOE0qVgDvifAeIK1vUZA==\" \/><\/div>\n<\/fieldset>\n<\/div>\n\n<\/form>\n<\/div>\n\n<\/div>\n\n\n\n<div class=\"wp-block-column is-layout-flow wp-block-column-is-layout-flow\"><\/div>\n<\/div>\n","protected":false},"excerpt":{"rendered":"<p>Your reservation<\/p>\n","protected":false},"author":1,"featured_media":0,"parent":0,"menu_order":0,"comment_status":"closed","ping_status":"closed","template":"page-framed.php","meta":{"_acf_changed":false,"footnotes":""},"class_list":["post-1248","page","type-page","status-publish","hentry"],"acf":[],"_links":{"self":[{"href":"https:\/\/www.marquisdalesme.wine\/zh-hans\/wp-json\/wp\/v2\/pages\/1248","targetHints":{"allow":["GET"]}}],"collection":[{"href":"https:\/\/www.marquisdalesme.wine\/zh-hans\/wp-json\/wp\/v2\/pages"}],"about":[{"href":"https:\/\/www.marquisdalesme.wine\/zh-hans\/wp-json\/wp\/v2\/types\/page"}],"author":[{"embeddable":true,"href":"https:\/\/www.marquisdalesme.wine\/zh-hans\/wp-json\/wp\/v2\/users\/1"}],"replies":[{"embeddable":true,"href":"https:\/\/www.marquisdalesme.wine\/zh-hans\/wp-json\/wp\/v2\/comments?post=1248"}],"version-history":[{"count":1,"href":"https:\/\/www.marquisdalesme.wine\/zh-hans\/wp-json\/wp\/v2\/pages\/1248\/revisions"}],"predecessor-version":[{"id":1249,"href":"https:\/\/www.marquisdalesme.wine\/zh-hans\/wp-json\/wp\/v2\/pages\/1248\/revisions\/1249"}],"wp:attachment":[{"href":"https:\/\/www.marquisdalesme.wine\/zh-hans\/wp-json\/wp\/v2\/media?parent=1248"}],"curies":[{"name":"wp","href":"https:\/\/api.w.org\/{rel}","templated":true}]}}