{"id":991,"date":"2022-07-18T16:06:12","date_gmt":"2022-07-18T14:06:12","guid":{"rendered":"https:\/\/www.marquisdalesme.wine\/%e6%96%b0%e9%97%bb%e9%80%9a%e8%ae%af\/"},"modified":"2022-07-29T23:05:29","modified_gmt":"2022-07-29T21:05:29","slug":"%e6%96%b0%e9%97%bb%e9%80%9a%e8%ae%af","status":"publish","type":"page","link":"https:\/\/www.marquisdalesme.wine\/zh-hans\/%e6%96%b0%e9%97%bb%e9%80%9a%e8%ae%af\/","title":{"rendered":"\u65b0\u95fb\u901a\u8baf"},"content":{"rendered":"\n<h1 class=\"has-text-align-center has-red-color has-text-color has-large-font-size wp-block-heading\" style=\"text-transform:uppercase\">\u65b0\u95fb\u901a\u8baf<\/h1>\n\n<div class=\"wp-block-columns is-layout-flex wp-container-core-columns-is-layout-9d6595d7 wp-block-columns-is-layout-flex\">\n<div class=\"wp-block-column is-layout-flow wp-block-column-is-layout-flow\"><\/div>\n\n\n\n<div class=\"wp-block-column has-white-background-color has-background is-layout-flow wp-block-column-is-layout-flow\" style=\"padding-top:30px;padding-right:30px;padding-bottom:30px;padding-left:30px;flex-basis:650px\"><div class=\"frm_forms  with_frm_style frm_style_formidable-style\" id=\"frm_form_6_container\" data-token=\"6a537ee5fdf06f6e1e4b6bae472bd092\">\n<form enctype=\"multipart\/form-data\" method=\"post\" class=\"frm-show-form  frm_pro_form \" id=\"form_newsletter\" data-token=\"6a537ee5fdf06f6e1e4b6bae472bd092\">\n<div class=\"frm_form_fields \">\n<fieldset>\n<legend class=\"frm_screen_reader\">\u65b0\u95fb\u901a\u8baf<\/legend>\r\n\r\n<div class=\"frm_fields_container\">\n<input type=\"hidden\" name=\"frm_action\" value=\"create\" \/>\n<input type=\"hidden\" name=\"form_id\" value=\"6\" \/>\n<input type=\"hidden\" name=\"frm_hide_fields_6\" id=\"frm_hide_fields_6\" value=\"\" \/>\n<input type=\"hidden\" name=\"form_key\" value=\"newsletter\" \/>\n<input type=\"hidden\" name=\"item_meta[0]\" value=\"\" \/>\n<input type=\"hidden\" id=\"frm_submit_entry_6\" name=\"frm_submit_entry_6\" value=\"c02ee8bc7b\" \/><input type=\"hidden\" name=\"_wp_http_referer\" value=\"\/zh-hans\/wp-json\/wp\/v2\/pages\/991\" \/><div id=\"frm_field_91_container\" class=\"frm_form_field form-field  frm_required_field frm_top_container frm6 frm_first\">\r\n    <label for=\"field_qylt2\" id=\"field_qylt2_label\" class=\"frm_primary_label\">\u79f0\u547c\r\n        <span class=\"frm_required\" aria-hidden=\"true\">*<\/span>\r\n    <\/label>\r\n    \t\t<select name=\"item_meta[91]\" id=\"field_qylt2\"  data-reqmsg=\"Ce champ ne peut pas \u00eatre vide\" aria-required=\"true\" data-invmsg=\"\u79f0\u547c \u65e0\u6548\" aria-invalid=\"false\"  >\n\t\t<option  value=\"\" selected='selected'> <\/option><option  value=\"M.\">\u5148\u751f<\/option><option  value=\"Mme.\">\u5973\u58eb<\/option>\t<\/select>\n\t\r\n    \r\n    \r\n<\/div>\n<div id=\"frm_field_92_container\" class=\"frm_form_field form-field  frm_required_field frm_top_container frm6\">\r\n    <label for=\"field_xrtvo\" id=\"field_xrtvo_label\" class=\"frm_primary_label\">\u59d3\r\n        <span class=\"frm_required\" aria-hidden=\"true\">*<\/span>\r\n    <\/label>\r\n    <input  type=\"text\" id=\"field_xrtvo\" name=\"item_meta[92]\" value=\"\"  data-reqmsg=\"Ce champ ne peut pas \u00eatre vide\" aria-required=\"true\" data-invmsg=\"Text is invalid\" aria-invalid=\"false\"   \/>\r\n    \r\n    \r\n<\/div>\n<div id=\"frm_field_93_container\" class=\"frm_form_field form-field  frm_required_field frm_top_container frm6 frm_first\">\r\n    <label for=\"field_h794u\" id=\"field_h794u_label\" class=\"frm_primary_label\">\u540d\r\n        <span class=\"frm_required\" aria-hidden=\"true\">*<\/span>\r\n    <\/label>\r\n    <input  type=\"text\" id=\"field_h794u\" name=\"item_meta[93]\" value=\"\"  data-reqmsg=\"Ce champ ne peut pas \u00eatre vide\" aria-required=\"true\" data-invmsg=\"Text is invalid\" aria-invalid=\"false\"   \/>\r\n    \r\n    \r\n<\/div>\n<div id=\"frm_field_94_container\" class=\"frm_form_field form-field  frm_required_field frm_top_container frm6\">\r\n    <label for=\"field_zzoge\" id=\"field_zzoge_label\" class=\"frm_primary_label\">\u7535\u5b50\u90ae\u4ef6\r\n        <span class=\"frm_required\" aria-hidden=\"true\">*<\/span>\r\n    <\/label>\r\n    <input type=\"email\" id=\"field_zzoge\" name=\"item_meta[94]\" value=\"\"  data-reqmsg=\"Ce champ ne peut pas \u00eatre vide\" aria-required=\"true\" data-invmsg=\"Email is invalid\" aria-invalid=\"false\"  \/>\r\n    \r\n    \r\n<\/div>\n<div id=\"frm_field_95_container\" class=\"frm_form_field form-field  frm_required_field frm_top_container frm6 frm_first\">\r\n    <label for=\"field_63yva\" id=\"field_63yva_label\" class=\"frm_primary_label\">\u56fd\u5bb6\r\n        <span class=\"frm_required\" aria-hidden=\"true\">*<\/span>\r\n    <\/label>\r\n    <input  type=\"text\" id=\"field_63yva\" name=\"item_meta[95]\" value=\"\"  data-reqmsg=\"Ce champ ne peut pas \u00eatre vide\" aria-required=\"true\" data-invmsg=\"Text is invalid\" aria-invalid=\"false\"   \/>\r\n    \r\n    \r\n<\/div>\n<div id=\"frm_field_96_container\" class=\"frm_form_field form-field  frm_required_field frm_top_container frm6\">\r\n    <label for=\"field_38wbx\" id=\"field_38wbx_label\" class=\"frm_primary_label\">\u8bed\u8a00\r\n        <span class=\"frm_required\" aria-hidden=\"true\">*<\/span>\r\n    <\/label>\r\n    \t\t<select name=\"item_meta[96]\" id=\"field_38wbx\"  data-reqmsg=\"Ce champ ne peut pas \u00eatre vide\" aria-required=\"true\" data-invmsg=\"\u8bed\u8a00 \u65e0\u6548\" aria-invalid=\"false\"  >\n\t\t<option  value=\"\" selected='selected'> <\/option><option  value=\"Fran\u00e7ais\">Fran\u00e7ais<\/option><option  value=\"English\">English<\/option><option  value=\"\u7b80\u4f53\u4e2d\u6587\">\u7b80\u4f53\u4e2d\u6587<\/option>\t<\/select>\n\t\r\n    \r\n    \r\n<\/div>\n<div id=\"frm_field_98_container\" class=\"frm_form_field form-field  frm_required_field frm_none_container vertical_radio\">\n    <div  id=\"field_s9ue5_label\" class=\"frm_primary_label\">RGPD\n        <span class=\"frm_required\" aria-hidden=\"true\">*<\/span>\n    <\/div>\n    <div class=\"frm_opt_container\" aria-labelledby=\"field_s9ue5_label\" role=\"group\">\t\t<div class=\"frm_checkbox\" id=\"frm_checkbox_98-0\">\t\t\t<label  for=\"field_s9ue5-0\">\n\t\t\t<input type=\"checkbox\" name=\"item_meta[98][]\" id=\"field_s9ue5-0\" value=\"J&#039;accepte que mes donn\u00e9es soient collect\u00e9es pour m&#039;abonner \u00e0 la newsletter\"  data-reqmsg=\"Ce champ ne peut pas \u00eatre vide\" data-invmsg=\"RGPD \u65e0\u6548\"   aria-required=\"true\"  \/> J'accepte que mes donn\u00e9es soient collect\u00e9es pour m'abonner \u00e0 la newsletter<\/label><\/div>\n<\/div>\n    \n    \n<\/div>\n\t<input type=\"hidden\" name=\"item_key\" value=\"\" \/>\n\t\t\t<div id=\"frm_field_100_container\">\n\t\t\t<label for=\"field_mjnsu\" >\n\t\t\t\t\u5982\u679c\u4f60\u662f\u4eba\u7c7b\uff0c\u8be5\u5b57\u6bb5\u8bf7\u7559\u7a7a\u3002\t\t\t<\/label>\n\t\t\t<input  id=\"field_mjnsu\" type=\"text\" class=\"frm_form_field form-field frm_verify\" name=\"item_meta[100]\" value=\"\"  \/>\n\t\t<\/div>\n\t\t<input name=\"frm_state\" type=\"hidden\" value=\"\/DLC3uUOCy0\/wZpGzvOs2ZeSY7JAf6Fk+V0qtlX3EEpUtD712wNi9PxPYWZw1BbR\" \/><div class=\"frm_submit\">\r\n\r\n<button class=\"frm_button_submit frm_final_submit\" type=\"submit\"   formnovalidate=\"formnovalidate\">\u786e\u5b9a<\/button>\r\n\r\n\r\n<\/div><\/div>\n<\/fieldset>\n<\/div>\n\n<\/form>\n<\/div>\n\n<\/div>\n\n\n\n<div class=\"wp-block-column is-layout-flow wp-block-column-is-layout-flow\"><\/div>\n<\/div>\n","protected":false},"excerpt":{"rendered":"<p>\u65b0\u95fb\u901a\u8baf<\/p>\n","protected":false},"author":1,"featured_media":0,"parent":0,"menu_order":0,"comment_status":"closed","ping_status":"closed","template":"page-framed.php","meta":{"_acf_changed":false,"footnotes":""},"class_list":["post-991","page","type-page","status-publish","hentry"],"acf":[],"_links":{"self":[{"href":"https:\/\/www.marquisdalesme.wine\/zh-hans\/wp-json\/wp\/v2\/pages\/991","targetHints":{"allow":["GET"]}}],"collection":[{"href":"https:\/\/www.marquisdalesme.wine\/zh-hans\/wp-json\/wp\/v2\/pages"}],"about":[{"href":"https:\/\/www.marquisdalesme.wine\/zh-hans\/wp-json\/wp\/v2\/types\/page"}],"author":[{"embeddable":true,"href":"https:\/\/www.marquisdalesme.wine\/zh-hans\/wp-json\/wp\/v2\/users\/1"}],"replies":[{"embeddable":true,"href":"https:\/\/www.marquisdalesme.wine\/zh-hans\/wp-json\/wp\/v2\/comments?post=991"}],"version-history":[{"count":1,"href":"https:\/\/www.marquisdalesme.wine\/zh-hans\/wp-json\/wp\/v2\/pages\/991\/revisions"}],"predecessor-version":[{"id":992,"href":"https:\/\/www.marquisdalesme.wine\/zh-hans\/wp-json\/wp\/v2\/pages\/991\/revisions\/992"}],"wp:attachment":[{"href":"https:\/\/www.marquisdalesme.wine\/zh-hans\/wp-json\/wp\/v2\/media?parent=991"}],"curies":[{"name":"wp","href":"https:\/\/api.w.org\/{rel}","templated":true}]}}